{"id":8,"date":"2012-08-18T12:50:06","date_gmt":"2012-08-18T10:50:06","guid":{"rendered":"http:\/\/lasthantering.se\/?page_id=8"},"modified":"2025-12-23T19:12:05","modified_gmt":"2025-12-23T17:12:05","slug":"lasthantering-goteborg-ab","status":"publish","type":"page","link":"http:\/\/lasthantering.se\/","title":{"rendered":"Lasthantering G\u00f6teborg AB"},"content":{"rendered":"<p>Verksamheten startade i maj 2002 med 25 \u00e5rs branscherfarenhet. Vi tillverkar\u00a0 mjuka lyftredskap och lastsurrningar. B\u00e4st n\u00e4r det g\u00e4ller kundanpassade produkter och korta ledtider.<\/p>\n<p>Lasthantering G\u00f6teborg AB<br \/>\n\u00d6sterg\u00e4rde Industriv\u00e4g 23<br \/>\nSE &#8211; 417 29 G\u00d6TEBORG<\/p>\n<p>Telefon:+46 (0)31-55 00 30<br \/>\nE-post: <a href=\"mailto:info@lasthantering.se\">info@lasthantering.se<\/a><\/p>\n","protected":false},"excerpt":{"rendered":"<p>Verksamheten startade i maj 2002 med 25 \u00e5rs branscherfarenhet. Vi tillverkar\u00a0 mjuka lyftredskap och lastsurrningar. B\u00e4st n\u00e4r det g\u00e4ller kundanpassade produkter och korta ledtider. Lasthantering G\u00f6teborg AB \u00d6sterg\u00e4rde Industriv\u00e4g 23 SE &#8211; 417 29 G\u00d6TEBORG Telefon:+46 (0)31-55 00 30 E-post: &hellip; <a href=\"http:\/\/lasthantering.se\/\">Forts\u00e4tt l\u00e4sa <span class=\"meta-nav\">&rarr;<\/span><\/a><\/p>\n","protected":false},"author":1,"featured_media":0,"parent":0,"menu_order":0,"comment_status":"closed","ping_status":"closed","template":"","meta":[],"_links":{"self":[{"href":"http:\/\/lasthantering.se\/index.php?rest_route=\/wp\/v2\/pages\/8"}],"collection":[{"href":"http:\/\/lasthantering.se\/index.php?rest_route=\/wp\/v2\/pages"}],"about":[{"href":"http:\/\/lasthantering.se\/index.php?rest_route=\/wp\/v2\/types\/page"}],"author":[{"embeddable":true,"href":"http:\/\/lasthantering.se\/index.php?rest_route=\/wp\/v2\/users\/1"}],"replies":[{"embeddable":true,"href":"http:\/\/lasthantering.se\/index.php?rest_route=%2Fwp%2Fv2%2Fcomments&post=8"}],"version-history":[{"count":5,"href":"http:\/\/lasthantering.se\/index.php?rest_route=\/wp\/v2\/pages\/8\/revisions"}],"predecessor-version":[{"id":56,"href":"http:\/\/lasthantering.se\/index.php?rest_route=\/wp\/v2\/pages\/8\/revisions\/56"}],"wp:attachment":[{"href":"http:\/\/lasthantering.se\/index.php?rest_route=%2Fwp%2Fv2%2Fmedia&parent=8"}],"curies":[{"name":"wp","href":"https:\/\/api.w.org\/{rel}","templated":true}]}}